{"id":9821,"date":"2025-03-19T10:12:05","date_gmt":"2025-03-19T09:12:05","guid":{"rendered":"https:\/\/www.bordeaux-population-health.center\/?page_id=9821"},"modified":"2026-02-27T14:52:05","modified_gmt":"2026-02-27T13:52:05","slug":"la-vie-du-centre","status":"publish","type":"page","link":"https:\/\/www.bordeaux-population-health.center\/fr\/recherche\/la-vie-du-centre\/","title":{"rendered":"La vie du Centre"},"content":{"rendered":"<div class=\"hero-section\">\n<div class=\"hero-overlay\">\n<h1>LA VIE DU CENTRE<\/h1>\n<p>Cr\u00e9\u00e9 en 2008, le Centre de recherche sur la sant\u00e9 des populations de Bordeaux, Bordeaux Population Health (BPH) est co-h\u00e9berg\u00e9 par l\u2019universit\u00e9 de Bordeaux et l\u2019Institut national de la sant\u00e9 et de la recherche m\u00e9dicale (Inserm).<\/p>\n<\/div>\n<\/div>\n<div class=\"vie-du-centre\">\n<h1>LA VIE DU CENTRE<\/h1>\n<div class=\"grid\">\n<div class=\"card\">\n<h2>REGLEMENT INTERIEUR<\/h2>\n<p><strong>Le r\u00e8glement int\u00e9rieur du BPH fixe les droits et les devoirs de chaque membre de la communaut\u00e9 universitaire<\/strong> (les \u00e9tudiants, les enseignants-chercheurs et les chercheurs, les personnels administratifs). Il s\u2019agit des r\u00e8gles de fonctionnement au quotidien, des r\u00e8gles de comportement.<\/p>\n<p>Le r\u00e8glement int\u00e9rieur du BPH a \u00e9t\u00e9 adopt\u00e9 lors du conseil d\u2019administration du \u2026.<\/p>\n<p><a class=\"link\" href=\"#\">Consultez le r\u00e8glement int\u00e9rieur du BPH (en cours de validation)<\/a><\/p>\n<\/div>\n<div class=\"card\">\n<h2>EQUIT\u00c9, DIVERSIT\u00c9 ET INCLUSION<\/h2>\n<p>Le BPH rejette par principe toute forme de discrimination et de harc\u00e8lement et s\u2019est engag\u00e9 activement pour maintenir un environnement favorable et garantir l\u2019\u00e9galit\u00e9 de traitement et d\u2019opportunit\u00e9s pour tous.<\/p>\n<p>Le centre a mis en place une Charte \u00c9quit\u00e9, Diversit\u00e9 et un Plan d\u2019actions Inclusion (EDI) s\u2019appuyant sur des valeurs telles que l\u2019\u00e9galit\u00e9, la transparence et le respect mutuel. Elle aborde des enjeux cruciaux comme la pr\u00e9vention des discriminations, le harc\u00e8lement et les biais, tout en encourageant une communication inclusive et un \u00e9quilibre entre vie professionnelle et personnelle.<\/p>\n<p><a class=\"link\" href=\"#\">Consultez la Charte EDI du BPH et le plan d\u2019action<\/a><\/p>\n<\/div>\n<div class=\"card\">\n<h2>MANAGEMENT DE LA QUALIT\u00c9 ET INT\u00c9GRIT\u00c9<\/h2>\n<p><strong>La cellule gestion de la qualit\u00e9 et de l\u2019int\u00e9grit\u00e9 (Q&amp;I) mise en place en 2018 pour promouvoir l\u2019int\u00e9grit\u00e9 scientifique dans la recherche.<\/strong><\/p>\n<p>Elle s\u2019organise autour d\u2019un comit\u00e9 Q&amp;I, compos\u00e9 de directeurs d\u2019\u00e9quipe, de chercheurs et de personnel transversal, a \u00e9t\u00e9 form\u00e9 pour sensibiliser et organiser des formations.<\/p>\n<p>Les principaux objectifs sont :<\/p>\n<ul>\n<li>Sensibiliser \u00e0 l\u2019int\u00e9grit\u00e9 scientifique dans la recherche<\/li>\n<li>Promouvoir l\u2019int\u00e9grit\u00e9 scientifique dans les activit\u00e9s de recherche<\/li>\n<li>Organiser des formations pour le personnel et d\u2019autres experts<\/li>\n<li>Fournir des ressources et des outils pour aider les chercheurs dans leurs activit\u00e9s<\/li>\n<\/ul>\n<p><a class=\"link\" href=\"#\">Plus de d\u00e9tail sur l\u2019organisation et les actions<\/a><\/p>\n<\/div>\n<div class=\"card\">\n<h2>TRANSITIONS<\/h2>\n<p>Les personnels du BPH engag\u00e9s sur des actions en faveur des transitions environnementales et soci\u00e9tales sont associ\u00e9s \u00e0 la communaut\u00e9 de sant\u00e9 publique de Bordeaux (ISPED, l\u2019UMS MART et le CIC EC) et ont cr\u00e9\u00e9 un Comit\u00e9 des Transitions en Sant\u00e9 publique.<\/p>\n<p>Les principaux objectifs sont :<\/p>\n<ul>\n<li>Favoriser l\u2019information de la communaut\u00e9 de sant\u00e9 publique au sens large<\/li>\n<li>Accompagner une transformation des pratiques en sant\u00e9 publique<\/li>\n<li>Quantifier et r\u00e9duire nos \u00e9missions de CO2 &#8211; % \u00e0 l\u2019horizon 2030<\/li>\n<li>Partager avec notre communaut\u00e9 des solutions concr\u00e8tes<\/li>\n<\/ul>\n<p><a class=\"link\" href=\"#\">D\u00e9couvrir les membres, les axes et initiatives<\/a><\/p>\n<\/div>\n<\/div>\n<\/div>\n<style>\n    .hero-section {<br \/>        background: url('https:\/\/www.bordeaux-population-health.center\/wp-content\/uploads\/2022\/09\/batiment-bph-vue-face.jpg') no-repeat center center\/cover;<br \/>        height: 500px;<br \/>        position: relative;<br \/>    }<br \/>    .hero-overlay {<br \/>        background: rgba(0, 0, 255, 0.7);<br \/>        color: white;<br \/>        position: absolute;<br \/>        top: 50%;<br \/>        left: 50%;<br \/>        transform: translate(-50%, -50%);<br \/>        padding: 20px;<br \/>        text-align: center;<br \/>        width: 100%;<br \/>    }<br \/>    .hero-overlay h1 {<br \/>        font-size: 24px;<br \/>        font-weight: bold;<br \/>    }<br \/>    .vie-du-centre {<br \/>        text-align: center;<br \/>        padding: 20px;<br \/>    }<br \/>    .vie-du-centre h1 {<br \/>        color: #003366;<br \/>        font-size: 24px;<br \/>        font-weight: bold;<br \/>        text-transform: uppercase;<br \/>        border-bottom: 3px solid #00c8c8;<br \/>        display: inline-block;<br \/>        padding-bottom: 5px;<br \/>    }<br \/>    .grid {<br \/>        display: grid;<br \/>        grid-template-columns: repeat(auto-fit, minmax(400px, 1fr));<br \/>        gap: 20px;<br \/>        margin-top: 30px;<br \/>    }<br \/>    .card {<br \/>        background: #f5f5f5;<br \/>        padding: 20px;<br \/>        border-radius: 10px;<br \/>        box-shadow: 0 4px 6px rgba(0, 0, 0, 0.1);<br \/>        text-align: left;<br \/>    }<br \/>    .card h2 {<br \/>        color: #003366;<br \/>        font-size: 18px;<br \/>        font-weight: bold;<br \/>        text-transform: uppercase;<br \/>    }<br \/>    .card p, .card ul {<br \/>        color: #333;<br \/>        font-size: 14px;<br \/>        line-height: 1.6;<br \/>    }<br \/>    .link {<br \/>        color: #0066cc;<br \/>        text-decoration: none;<br \/>        font-weight: bold;<br \/>    }<\/p>\n<\/style>\n","protected":false},"excerpt":{"rendered":"<p>LA VIE DU CENTRE Cr\u00e9\u00e9 en 2008, le Centre de recherche sur la sant\u00e9 des populations de Bordeaux, Bordeaux Population Health (BPH) est co-h\u00e9berg\u00e9 par l\u2019universit\u00e9 de Bordeaux et l\u2019Institut national de la sant\u00e9 et de la recherche m\u00e9dicale (Inserm). LA VIE DU CENTRE REGLEMENT INTERIEUR Le r\u00e8glement int\u00e9rieur du BPH fixe les droits et [&hellip;]<\/p>\n","protected":false},"author":613,"featured_media":0,"parent":967,"menu_order":0,"comment_status":"closed","ping_status":"closed","template":"page-rechercheProjet.php","meta":{"_acf_changed":false,"footnotes":""},"class_list":["post-9821","page","type-page","status-publish","hentry"],"acf":[],"yoast_head":"<!-- This site is optimized with the Yoast SEO plugin v27.3 - https:\/\/yoast.com\/product\/yoast-seo-wordpress\/ -->\n<title>La vie du Centre | Bordeaux population health<\/title>\n<meta name=\"robots\" content=\"index, follow, max-snippet:-1, max-image-preview:large, max-video-preview:-1\" \/>\n<link rel=\"canonical\" href=\"https:\/\/www.bordeaux-population-health.center\/fr\/recherche\/la-vie-du-centre\/\" \/>\n<meta property=\"og:locale\" content=\"fr_FR\" \/>\n<meta property=\"og:type\" content=\"article\" \/>\n<meta property=\"og:title\" content=\"La vie du Centre | Bordeaux population health\" \/>\n<meta property=\"og:description\" content=\"LA VIE DU CENTRE Cr\u00e9\u00e9 en 2008, le Centre de recherche sur la sant\u00e9 des populations de Bordeaux, Bordeaux Population Health (BPH) est co-h\u00e9berg\u00e9 par l\u2019universit\u00e9 de Bordeaux et l\u2019Institut national de la sant\u00e9 et de la recherche m\u00e9dicale (Inserm). LA VIE DU CENTRE REGLEMENT INTERIEUR Le r\u00e8glement int\u00e9rieur du BPH fixe les droits et [&hellip;]\" \/>\n<meta property=\"og:url\" content=\"https:\/\/www.bordeaux-population-health.center\/fr\/recherche\/la-vie-du-centre\/\" \/>\n<meta property=\"og:site_name\" content=\"Bordeaux population health\" \/>\n<meta property=\"article:modified_time\" content=\"2026-02-27T13:52:05+00:00\" \/>\n<meta name=\"twitter:card\" content=\"summary_large_image\" \/>\n<meta name=\"twitter:label1\" content=\"Dur\u00e9e de lecture estim\u00e9e\" \/>\n\t<meta name=\"twitter:data1\" content=\"6 minutes\" \/>\n<script type=\"application\/ld+json\" class=\"yoast-schema-graph\">{\"@context\":\"https:\\\/\\\/schema.org\",\"@graph\":[{\"@type\":\"WebPage\",\"@id\":\"https:\\\/\\\/www.bordeaux-population-health.center\\\/fr\\\/recherche\\\/la-vie-du-centre\\\/\",\"url\":\"https:\\\/\\\/www.bordeaux-population-health.center\\\/fr\\\/recherche\\\/la-vie-du-centre\\\/\",\"name\":\"La vie du Centre | Bordeaux population health\",\"isPartOf\":{\"@id\":\"https:\\\/\\\/www.bordeaux-population-health.center\\\/#website\"},\"datePublished\":\"2025-03-19T09:12:05+00:00\",\"dateModified\":\"2026-02-27T13:52:05+00:00\",\"breadcrumb\":{\"@id\":\"https:\\\/\\\/www.bordeaux-population-health.center\\\/fr\\\/recherche\\\/la-vie-du-centre\\\/#breadcrumb\"},\"inLanguage\":\"fr-FR\",\"potentialAction\":[{\"@type\":\"ReadAction\",\"target\":[\"https:\\\/\\\/www.bordeaux-population-health.center\\\/fr\\\/recherche\\\/la-vie-du-centre\\\/\"]}]},{\"@type\":\"BreadcrumbList\",\"@id\":\"https:\\\/\\\/www.bordeaux-population-health.center\\\/fr\\\/recherche\\\/la-vie-du-centre\\\/#breadcrumb\",\"itemListElement\":[{\"@type\":\"ListItem\",\"position\":1,\"name\":\"Home\",\"item\":\"https:\\\/\\\/www.bordeaux-population-health.center\\\/fr\\\/\"},{\"@type\":\"ListItem\",\"position\":2,\"name\":\"Recherche\",\"item\":\"https:\\\/\\\/www.bordeaux-population-health.center\\\/fr\\\/recherche\\\/\"},{\"@type\":\"ListItem\",\"position\":3,\"name\":\"La vie du Centre\"}]},{\"@type\":\"WebSite\",\"@id\":\"https:\\\/\\\/www.bordeaux-population-health.center\\\/#website\",\"url\":\"https:\\\/\\\/www.bordeaux-population-health.center\\\/\",\"name\":\"Bordeaux population health\",\"description\":\"Centre de recherche situ\u00e9 \u00e0 Bordeaux\",\"potentialAction\":[{\"@type\":\"SearchAction\",\"target\":{\"@type\":\"EntryPoint\",\"urlTemplate\":\"https:\\\/\\\/www.bordeaux-population-health.center\\\/?s={search_term_string}\"},\"query-input\":{\"@type\":\"PropertyValueSpecification\",\"valueRequired\":true,\"valueName\":\"search_term_string\"}}],\"inLanguage\":\"fr-FR\"}]}<\/script>\n<!-- \/ Yoast SEO plugin. -->","yoast_head_json":{"title":"La vie du Centre | Bordeaux population health","robots":{"index":"index","follow":"follow","max-snippet":"max-snippet:-1","max-image-preview":"max-image-preview:large","max-video-preview":"max-video-preview:-1"},"canonical":"https:\/\/www.bordeaux-population-health.center\/fr\/recherche\/la-vie-du-centre\/","og_locale":"fr_FR","og_type":"article","og_title":"La vie du Centre | Bordeaux population health","og_description":"LA VIE DU CENTRE Cr\u00e9\u00e9 en 2008, le Centre de recherche sur la sant\u00e9 des populations de Bordeaux, Bordeaux Population Health (BPH) est co-h\u00e9berg\u00e9 par l\u2019universit\u00e9 de Bordeaux et l\u2019Institut national de la sant\u00e9 et de la recherche m\u00e9dicale (Inserm). LA VIE DU CENTRE REGLEMENT INTERIEUR Le r\u00e8glement int\u00e9rieur du BPH fixe les droits et [&hellip;]","og_url":"https:\/\/www.bordeaux-population-health.center\/fr\/recherche\/la-vie-du-centre\/","og_site_name":"Bordeaux population health","article_modified_time":"2026-02-27T13:52:05+00:00","twitter_card":"summary_large_image","twitter_misc":{"Dur\u00e9e de lecture estim\u00e9e":"6 minutes"},"schema":{"@context":"https:\/\/schema.org","@graph":[{"@type":"WebPage","@id":"https:\/\/www.bordeaux-population-health.center\/fr\/recherche\/la-vie-du-centre\/","url":"https:\/\/www.bordeaux-population-health.center\/fr\/recherche\/la-vie-du-centre\/","name":"La vie du Centre | Bordeaux population health","isPartOf":{"@id":"https:\/\/www.bordeaux-population-health.center\/#website"},"datePublished":"2025-03-19T09:12:05+00:00","dateModified":"2026-02-27T13:52:05+00:00","breadcrumb":{"@id":"https:\/\/www.bordeaux-population-health.center\/fr\/recherche\/la-vie-du-centre\/#breadcrumb"},"inLanguage":"fr-FR","potentialAction":[{"@type":"ReadAction","target":["https:\/\/www.bordeaux-population-health.center\/fr\/recherche\/la-vie-du-centre\/"]}]},{"@type":"BreadcrumbList","@id":"https:\/\/www.bordeaux-population-health.center\/fr\/recherche\/la-vie-du-centre\/#breadcrumb","itemListElement":[{"@type":"ListItem","position":1,"name":"Home","item":"https:\/\/www.bordeaux-population-health.center\/fr\/"},{"@type":"ListItem","position":2,"name":"Recherche","item":"https:\/\/www.bordeaux-population-health.center\/fr\/recherche\/"},{"@type":"ListItem","position":3,"name":"La vie du Centre"}]},{"@type":"WebSite","@id":"https:\/\/www.bordeaux-population-health.center\/#website","url":"https:\/\/www.bordeaux-population-health.center\/","name":"Bordeaux population health","description":"Centre de recherche situ\u00e9 \u00e0 Bordeaux","potentialAction":[{"@type":"SearchAction","target":{"@type":"EntryPoint","urlTemplate":"https:\/\/www.bordeaux-population-health.center\/?s={search_term_string}"},"query-input":{"@type":"PropertyValueSpecification","valueRequired":true,"valueName":"search_term_string"}}],"inLanguage":"fr-FR"}]}},"_links":{"self":[{"href":"https:\/\/www.bordeaux-population-health.center\/fr\/wp-json\/wp\/v2\/pages\/9821","targetHints":{"allow":["GET"]}}],"collection":[{"href":"https:\/\/www.bordeaux-population-health.center\/fr\/wp-json\/wp\/v2\/pages"}],"about":[{"href":"https:\/\/www.bordeaux-population-health.center\/fr\/wp-json\/wp\/v2\/types\/page"}],"author":[{"embeddable":true,"href":"https:\/\/www.bordeaux-population-health.center\/fr\/wp-json\/wp\/v2\/users\/613"}],"replies":[{"embeddable":true,"href":"https:\/\/www.bordeaux-population-health.center\/fr\/wp-json\/wp\/v2\/comments?post=9821"}],"version-history":[{"count":44,"href":"https:\/\/www.bordeaux-population-health.center\/fr\/wp-json\/wp\/v2\/pages\/9821\/revisions"}],"predecessor-version":[{"id":13489,"href":"https:\/\/www.bordeaux-population-health.center\/fr\/wp-json\/wp\/v2\/pages\/9821\/revisions\/13489"}],"up":[{"embeddable":true,"href":"https:\/\/www.bordeaux-population-health.center\/fr\/wp-json\/wp\/v2\/pages\/967"}],"wp:attachment":[{"href":"https:\/\/www.bordeaux-population-health.center\/fr\/wp-json\/wp\/v2\/media?parent=9821"}],"curies":[{"name":"wp","href":"https:\/\/api.w.org\/{rel}","templated":true}]}}